{"id":11,"date":"2024-04-16T10:50:12","date_gmt":"2024-04-16T10:50:12","guid":{"rendered":"https:\/\/www.restauranglagan.se\/?page_id=11"},"modified":"2026-04-19T08:46:26","modified_gmt":"2026-04-19T08:46:26","slug":"hem","status":"publish","type":"page","link":"https:\/\/safarlunchochevent.se\/balsta\/","title":{"rendered":"Hem"},"content":{"rendered":"\t\t<div data-elementor-type=\"wp-page\" data-elementor-id=\"11\" class=\"elementor elementor-11\">\n\t\t\t\t<div class=\"elementor-element elementor-element-42ce562 e-flex e-con-boxed e-con e-parent\" data-id=\"42ce562\" data-element_type=\"container\" data-settings=\"{&quot;background_background&quot;:&quot;video&quot;,&quot;background_video_link&quot;:&quot;https:\\\/\\\/safarlunchochevent.se\\\/balsta\\\/wp-content\\\/uploads\\\/2025\\\/06\\\/Safar-Lunch-Event-Vido-1.mp4&quot;,&quot;jet_parallax_layout_list&quot;:[],&quot;background_play_on_mobile&quot;:&quot;yes&quot;}\">\n\t\t\t\t\t<div class=\"e-con-inner\">\n\t\t<div class=\"elementor-background-video-container\">\n\t\t\t\t\t\t\t<video class=\"elementor-background-video-hosted\" autoplay muted playsinline loop><\/video>\n\t\t\t\t\t<\/div><div class=\"elementor-element elementor-element-35d6ac5 e-con-full e-flex e-con e-child\" data-id=\"35d6ac5\" data-element_type=\"container\" data-settings=\"{&quot;jet_parallax_layout_list&quot;:[]}\">\n\t\t\t\t<div class=\"elementor-element elementor-element-41179e6 elementor-widget__width-initial elementor-widget-tablet__width-initial elementor-widget elementor-widget-heading\" data-id=\"41179e6\" data-element_type=\"widget\" data-widget_type=\"heading.default\">\n\t\t\t\t<div class=\"elementor-widget-container\">\n\t\t\t\t\t<h2 class=\"elementor-heading-title elementor-size-default\">V\u00e4lkommen till<\/h2>\t\t\t\t<\/div>\n\t\t\t\t<\/div>\n\t\t\t\t<div class=\"elementor-element elementor-element-39f2117 elementor-widget__width-initial elementor-widget-tablet__width-initial elementor-widget elementor-widget-heading\" data-id=\"39f2117\" data-element_type=\"widget\" data-widget_type=\"heading.default\">\n\t\t\t\t<div class=\"elementor-widget-container\">\n\t\t\t\t\t<h1 class=\"elementor-heading-title elementor-size-default\">Safar restaurang\n&amp; catering i B\u00e5lsta<\/h1>\t\t\t\t<\/div>\n\t\t\t\t<\/div>\n\t\t\t\t<\/div>\n\t\t<div class=\"elementor-element elementor-element-4efe347 e-con-full e-flex e-con e-child\" data-id=\"4efe347\" data-element_type=\"container\" data-settings=\"{&quot;jet_parallax_layout_list&quot;:[]}\">\n\t\t\t\t<div class=\"elementor-element elementor-element-8191371 button_basic elementor-widget elementor-widget-button\" data-id=\"8191371\" data-element_type=\"widget\" data-widget_type=\"button.default\">\n\t\t\t\t<div class=\"elementor-widget-container\">\n\t\t\t\t\t\t\t\t\t<div class=\"elementor-button-wrapper\">\n\t\t\t\t\t<a class=\"elementor-button elementor-button-link elementor-size-sm\" href=\"https:\/\/safarlunchochevent.se\/balsta\/lunch\/\">\n\t\t\t\t\t\t<span class=\"elementor-button-content-wrapper\">\n\t\t\t\t\t\t\t\t\t<span class=\"elementor-button-text\">V\u00e5r meny<\/span>\n\t\t\t\t\t<\/span>\n\t\t\t\t\t<\/a>\n\t\t\t\t<\/div>\n\t\t\t\t\t\t\t\t<\/div>\n\t\t\t\t<\/div>\n\t\t\t\t<div class=\"elementor-element elementor-element-437a1b1 button_transparent elementor-widget elementor-widget-button\" data-id=\"437a1b1\" data-element_type=\"widget\" data-widget_type=\"button.default\">\n\t\t\t\t<div class=\"elementor-widget-container\">\n\t\t\t\t\t\t\t\t\t<div class=\"elementor-button-wrapper\">\n\t\t\t\t\t<a class=\"elementor-button elementor-button-link elementor-size-sm\" href=\"https:\/\/safarlunchochevent.se\/balsta\/catering\/\">\n\t\t\t\t\t\t<span class=\"elementor-button-content-wrapper\">\n\t\t\t\t\t\t\t\t\t<span class=\"elementor-button-text\">Catering<\/span>\n\t\t\t\t\t<\/span>\n\t\t\t\t\t<\/a>\n\t\t\t\t<\/div>\n\t\t\t\t\t\t\t\t<\/div>\n\t\t\t\t<\/div>\n\t\t\t\t<\/div>\n\t\t\t\t\t<\/div>\n\t\t\t\t<\/div>\n\t\t<div class=\"elementor-element elementor-element-8ff4717 e-flex e-con-boxed e-con e-parent\" data-id=\"8ff4717\" data-element_type=\"container\" data-settings=\"{&quot;background_background&quot;:&quot;classic&quot;,&quot;jet_parallax_layout_list&quot;:[]}\">\n\t\t\t\t\t<div class=\"e-con-inner\">\n\t\t\t\t<div class=\"elementor-element elementor-element-df2b4c4 elementor-widget-mobile__width-initial elementor-widget elementor-widget-heading\" data-id=\"df2b4c4\" data-element_type=\"widget\" data-widget_type=\"heading.default\">\n\t\t\t\t<div class=\"elementor-widget-container\">\n\t\t\t\t\t<h2 class=\"elementor-heading-title elementor-size-default\">Lunch och catering i B\u00e5lsta<\/h2>\t\t\t\t<\/div>\n\t\t\t\t<\/div>\n\t\t\t\t<div class=\"elementor-element elementor-element-adc055f elementor-widget__width-initial elementor-widget-tablet__width-initial elementor-widget elementor-widget-text-editor\" data-id=\"adc055f\" data-element_type=\"widget\" data-widget_type=\"text-editor.default\">\n\t\t\t\t<div class=\"elementor-widget-container\">\n\t\t\t\t\t\t\t\t\tSafar Restaurang &#038; Catering serverar v\u00e4llagad husmanskost till lunch varje vardag, med flera r\u00e4tter att v\u00e4lja mellan. Vi erbjuder \u00e4ven catering f\u00f6r br\u00f6llop, fest och f\u00f6retagsevent \u2013 alltid med fokus p\u00e5 smak, kvalitet och p\u00e5litlig service. \u00c4t hos oss, ta med hem eller best\u00e4ll till n\u00e4sta tillst\u00e4llning.\t\t\t\t\t\t\t\t<\/div>\n\t\t\t\t<\/div>\n\t\t<div class=\"elementor-element elementor-element-7cdd221 e-con-full e-flex e-con e-child\" data-id=\"7cdd221\" data-element_type=\"container\" data-settings=\"{&quot;jet_parallax_layout_list&quot;:[]}\">\n\t\t\t\t<div class=\"elementor-element elementor-element-f66fb01 button_basic elementor-widget elementor-widget-button\" data-id=\"f66fb01\" data-element_type=\"widget\" data-widget_type=\"button.default\">\n\t\t\t\t<div class=\"elementor-widget-container\">\n\t\t\t\t\t\t\t\t\t<div class=\"elementor-button-wrapper\">\n\t\t\t\t\t<a class=\"elementor-button elementor-button-link elementor-size-sm\" href=\"https:\/\/safarlunchochevent.se\/balsta\/#kontakt\">\n\t\t\t\t\t\t<span class=\"elementor-button-content-wrapper\">\n\t\t\t\t\t\t\t\t\t<span class=\"elementor-button-text\">Kontakta oss<\/span>\n\t\t\t\t\t<\/span>\n\t\t\t\t\t<\/a>\n\t\t\t\t<\/div>\n\t\t\t\t\t\t\t\t<\/div>\n\t\t\t\t<\/div>\n\t\t\t\t<\/div>\n\t\t\t\t\t<\/div>\n\t\t\t\t<\/div>\n\t\t<div class=\"elementor-element elementor-element-8cde004 e-flex e-con-boxed e-con e-parent\" data-id=\"8cde004\" data-element_type=\"container\" data-settings=\"{&quot;jet_parallax_layout_list&quot;:[]}\">\n\t\t\t\t\t<div class=\"e-con-inner\">\n\t\t\t\t<div class=\"elementor-element elementor-element-107e3ef elementor-widget elementor-widget-text-editor\" data-id=\"107e3ef\" data-element_type=\"widget\" data-widget_type=\"text-editor.default\">\n\t\t\t\t<div class=\"elementor-widget-container\">\n\t\t\t\t\t\t\t\t\t<h1>\u00a0<\/h1><h1><strong>LUNCH MENY V.17<\/strong><\/h1><h4><span style=\"font-weight: 400;\">Lunchbuff\u00e9 140:-<\/span><\/h4><h4><span style=\"font-weight: 400;\">Avh\u00e4mtning 130:-<\/span><\/h4><p><em><span style=\"font-weight: 400;\">Hos oss finns alltid en h\u00e4rlig salladsbuff\u00e9, nybakad br\u00f6d och n\u00e5got gott till kaffet<\/span><\/em><\/p><p><span style=\"font-weight: 400;\">\u00a0<\/span><\/p><p><b><i>M\u00e5ndag<\/i><\/b><\/p><p><span style=\"font-weight: 400;\">Stuvad pyttipanna (<\/span><i><span style=\"font-weight: 400;\">fl\u00e4sk<\/span><\/i><span style=\"font-weight: 400;\">). Serveras med stekt \u00e4gg och r\u00f6dbetor<\/span><\/p><p><span style=\"font-weight: 400;\">Stekt str\u00f6mming. Serveras med potatismos och skirat sm\u00f6r<\/span><\/p><p><span style=\"font-weight: 400;\">Helstekt kycklingfil\u00e9. Serveras med ris och dragons\u00e5s\u00a0<\/span><\/p><p>\u00a0<\/p><p><b><i>Tisdag<\/i><\/b><\/p><p><span style=\"font-weight: 400;\">Raggmunk med stekt fl\u00e4sk och lingonsylt eller stekt fl\u00e4sk med kokt potatis och l\u00f6ks\u00e5s<\/span><\/p><p><span style=\"font-weight: 400;\">Helstekt kungsflundrafil\u00e9. Serveras med kokt potatis, citron och gurkmajon\u00e4s<\/span><\/p><p><span style=\"font-weight: 400;\">Dillk\u00f6tt. Serveras med kokt potatis<\/span><\/p><p>\u00a0<\/p><p><b><i>Onsdag<\/i><\/b><\/p><p><span style=\"font-weight: 400;\">Schnitzel<\/span><span style=\"font-weight: 400;\">. Serveras med stekt potatis, citron, kapris, r\u00f6dvinss\u00e5s och bearnaises\u00e5s<\/span><\/p><p><span style=\"font-weight: 400;\">K\u00e5ldolmar (<\/span><i><span style=\"font-weight: 400;\">n\u00f6tk\u00f6tt<\/span><\/i><span style=\"font-weight: 400;\">). Serveras med kokt potatis, lingonsylt och gr\u00e4dds\u00e5s<\/span><\/p><p><span style=\"font-weight: 400;\">\u00c4ggpanerad alaskafil\u00e9. Serveras med kokt potatis, citron och dillmajon\u00e4s\u00a0<\/span><\/p><p>\u00a0<\/p><p><b><i>Torsdag<\/i><\/b><\/p><p><span style=\"font-weight: 400;\">\u00c4rtsoppa och pannkakor. Serveras med gr\u00e4dde och sylt<\/span><\/p><p><span style=\"font-weight: 400;\">K\u00f6ttf\u00e4rslimpa (<\/span><i><span style=\"font-weight: 400;\">blandf\u00e4rs<\/span><\/i><span style=\"font-weight: 400;\">). Serveras med kokt potatis, lingonsylt, inlagd gurka och gr\u00e4dds\u00e5s<\/span><\/p><p><span style=\"font-weight: 400;\">Kycklingpiccata. Serveras med ris, tomats\u00e5s och gr\u00e4dds\u00e5s<\/span><\/p><p>\u00a0<\/p><p><b><i>Fredag<\/i><\/b><\/p><p><span style=\"font-weight: 400;\">Helstekt fl\u00e4skfil\u00e9. Serveras med potatisgrat\u00e4ng, \u00e4ppelmos och timjans\u00e5s<\/span><\/p><p><span style=\"font-weight: 400;\">Pankopanerad r\u00f6dsp\u00e4tta. Serveras med kokt potatis, citron och remoulads\u00e5s<\/span><\/p><p><span style=\"font-weight: 400;\">Pastagrat\u00e4ng med kyckling, paprika, l\u00f6k och ost i kr\u00e4mig s\u00e5s<\/span><\/p><p><br style=\"font-weight: 400;\" \/><br style=\"font-weight: 400;\" \/><br \/><\/p>\t\t\t\t\t\t\t\t<\/div>\n\t\t\t\t<\/div>\n\t\t\t\t\t<\/div>\n\t\t\t\t<\/div>\n\t\t<div class=\"elementor-element elementor-element-dd3205b e-flex e-con-boxed e-con e-parent\" data-id=\"dd3205b\" data-element_type=\"container\" data-settings=\"{&quot;background_background&quot;:&quot;classic&quot;,&quot;jet_parallax_layout_list&quot;:[],&quot;shape_divider_top&quot;:&quot;clouds&quot;,&quot;shape_divider_bottom&quot;:&quot;clouds&quot;}\">\n\t\t\t\t\t<div class=\"e-con-inner\">\n\t\t\t\t<div class=\"elementor-shape elementor-shape-top\" aria-hidden=\"true\" data-negative=\"false\">\n\t\t\t<svg xmlns=\"http:\/\/www.w3.org\/2000\/svg\" viewBox=\"0 0 283.5 27.8\" preserveAspectRatio=\"xMidYMax slice\">\n  <path class=\"elementor-shape-fill\" d=\"M0 0v6.7c1.9-.8 4.7-1.4 8.5-1 9.5 1.1 11.1 6 11.1 6s2.1-.7 4.3-.2c2.1.5 2.8 2.6 2.8 2.6s.2-.5 1.4-.7c1.2-.2 1.7.2 1.7.2s0-2.1 1.9-2.8c1.9-.7 3.6.7 3.6.7s.7-2.9 3.1-4.1 4.7 0 4.7 0 1.2-.5 2.4 0 1.7 1.4 1.7 1.4h1.4c.7 0 1.2.7 1.2.7s.8-1.8 4-2.2c3.5-.4 5.3 2.4 6.2 4.4.4-.4 1-.7 1.8-.9 2.8-.7 4 .7 4 .7s1.7-5 11.1-6c9.5-1.1 12.3 3.9 12.3 3.9s1.2-4.8 5.7-5.7c4.5-.9 6.8 1.8 6.8 1.8s.6-.6 1.5-.9c.9-.2 1.9-.2 1.9-.2s5.2-6.4 12.6-3.3c7.3 3.1 4.7 9 4.7 9s1.9-.9 4 0 2.8 2.4 2.8 2.4 1.9-1.2 4.5-1.2 4.3 1.2 4.3 1.2.2-1 1.4-1.7 2.1-.7 2.1-.7-.5-3.1 2.1-5.5 5.7-1.4 5.7-1.4 1.5-2.3 4.2-1.1c2.7 1.2 1.7 5.2 1.7 5.2s.3-.1 1.3.5c.5.4.8.8.9 1.1.5-1.4 2.4-5.8 8.4-4 7.1 2.1 3.5 8.9 3.5 8.9s.8-.4 2 0 1.1 1.1 1.1 1.1 1.1-1.1 2.3-1.1 2.1.5 2.1.5 1.9-3.6 6.2-1.2 1.9 6.4 1.9 6.4 2.6-2.4 7.4 0c3.4 1.7 3.9 4.9 3.9 4.9s3.3-6.9 10.4-7.9 11.5 2.6 11.5 2.6.8 0 1.2.2c.4.2.9.9.9.9s4.4-3.1 8.3.2c1.9 1.7 1.5 5 1.5 5s.3-1.1 1.6-1.4c1.3-.3 2.3.2 2.3.2s-.1-1.2.5-1.9 1.9-.9 1.9-.9-4.7-9.3 4.4-13.4c5.6-2.5 9.2.9 9.2.9s5-6.2 15.9-6.2 16.1 8.1 16.1 8.1.7-.2 1.6-.4V0H0z\"\/>\n<\/svg>\n\t\t<\/div>\n\t\t\t\t<div class=\"elementor-shape elementor-shape-bottom\" aria-hidden=\"true\" data-negative=\"false\">\n\t\t\t<svg xmlns=\"http:\/\/www.w3.org\/2000\/svg\" viewBox=\"0 0 283.5 27.8\" preserveAspectRatio=\"xMidYMax slice\">\n  <path class=\"elementor-shape-fill\" d=\"M0 0v6.7c1.9-.8 4.7-1.4 8.5-1 9.5 1.1 11.1 6 11.1 6s2.1-.7 4.3-.2c2.1.5 2.8 2.6 2.8 2.6s.2-.5 1.4-.7c1.2-.2 1.7.2 1.7.2s0-2.1 1.9-2.8c1.9-.7 3.6.7 3.6.7s.7-2.9 3.1-4.1 4.7 0 4.7 0 1.2-.5 2.4 0 1.7 1.4 1.7 1.4h1.4c.7 0 1.2.7 1.2.7s.8-1.8 4-2.2c3.5-.4 5.3 2.4 6.2 4.4.4-.4 1-.7 1.8-.9 2.8-.7 4 .7 4 .7s1.7-5 11.1-6c9.5-1.1 12.3 3.9 12.3 3.9s1.2-4.8 5.7-5.7c4.5-.9 6.8 1.8 6.8 1.8s.6-.6 1.5-.9c.9-.2 1.9-.2 1.9-.2s5.2-6.4 12.6-3.3c7.3 3.1 4.7 9 4.7 9s1.9-.9 4 0 2.8 2.4 2.8 2.4 1.9-1.2 4.5-1.2 4.3 1.2 4.3 1.2.2-1 1.4-1.7 2.1-.7 2.1-.7-.5-3.1 2.1-5.5 5.7-1.4 5.7-1.4 1.5-2.3 4.2-1.1c2.7 1.2 1.7 5.2 1.7 5.2s.3-.1 1.3.5c.5.4.8.8.9 1.1.5-1.4 2.4-5.8 8.4-4 7.1 2.1 3.5 8.9 3.5 8.9s.8-.4 2 0 1.1 1.1 1.1 1.1 1.1-1.1 2.3-1.1 2.1.5 2.1.5 1.9-3.6 6.2-1.2 1.9 6.4 1.9 6.4 2.6-2.4 7.4 0c3.4 1.7 3.9 4.9 3.9 4.9s3.3-6.9 10.4-7.9 11.5 2.6 11.5 2.6.8 0 1.2.2c.4.2.9.9.9.9s4.4-3.1 8.3.2c1.9 1.7 1.5 5 1.5 5s.3-1.1 1.6-1.4c1.3-.3 2.3.2 2.3.2s-.1-1.2.5-1.9 1.9-.9 1.9-.9-4.7-9.3 4.4-13.4c5.6-2.5 9.2.9 9.2.9s5-6.2 15.9-6.2 16.1 8.1 16.1 8.1.7-.2 1.6-.4V0H0z\"\/>\n<\/svg>\n\t\t<\/div>\n\t\t\t\t<div class=\"elementor-element elementor-element-54d944e elementor-widget elementor-widget-text-editor\" data-id=\"54d944e\" data-element_type=\"widget\" data-widget_type=\"text-editor.default\">\n\t\t\t\t<div class=\"elementor-widget-container\">\n\t\t\t\t\t\t\t\t\t<h1>\u00a0<\/h1><h1>\u00a0<\/h1><h1>\u00a0Hyr lokal f\u00f6r ditt event<\/h1><p>Letar du efter en inbjudande plats f\u00f6r din fest, f\u00f6delsedag eller br\u00f6llop?<\/p><p>Hos Safar Restaurang &amp; Catering kan du hyra v\u00e5r lokal p\u00e5 helger f\u00f6r allt fr\u00e5n privata tillst\u00e4llningar till f\u00f6retagsevent.<\/p><p>Vi hj\u00e4lper dig att skapa en minnesv\u00e4rd upplevelse med r\u00e4tt milj\u00f6, god mat och personlig service \u2013 helt enligt dina \u00f6nskem\u00e5l.<\/p>\t\t\t\t\t\t\t\t<\/div>\n\t\t\t\t<\/div>\n\t\t\t\t<div class=\"elementor-element elementor-element-387f366 button_basic elementor-align-center elementor-mobile-align-center elementor-widget elementor-widget-button\" data-id=\"387f366\" data-element_type=\"widget\" data-widget_type=\"button.default\">\n\t\t\t\t<div class=\"elementor-widget-container\">\n\t\t\t\t\t\t\t\t\t<div class=\"elementor-button-wrapper\">\n\t\t\t\t\t<a class=\"elementor-button elementor-button-link elementor-size-sm\" href=\"https:\/\/safarlunchochevent.se\/balsta\/hyr-lokal\/\">\n\t\t\t\t\t\t<span class=\"elementor-button-content-wrapper\">\n\t\t\t\t\t\t\t\t\t<span class=\"elementor-button-text\">L\u00e4s mer<\/span>\n\t\t\t\t\t<\/span>\n\t\t\t\t\t<\/a>\n\t\t\t\t<\/div>\n\t\t\t\t\t\t\t\t<\/div>\n\t\t\t\t<\/div>\n\t\t\t\t\t<\/div>\n\t\t\t\t<\/div>\n\t\t<div class=\"elementor-element elementor-element-0066fc3 e-flex e-con-boxed e-con e-parent\" data-id=\"0066fc3\" data-element_type=\"container\" data-settings=\"{&quot;background_background&quot;:&quot;classic&quot;,&quot;jet_parallax_layout_list&quot;:[]}\">\n\t\t\t\t\t<div class=\"e-con-inner\">\n\t\t\t\t<div class=\"elementor-element elementor-element-e53364d elementor-widget elementor-widget-heading\" data-id=\"e53364d\" data-element_type=\"widget\" data-widget_type=\"heading.default\">\n\t\t\t\t<div class=\"elementor-widget-container\">\n\t\t\t\t\t<h2 class=\"elementor-heading-title elementor-size-default\">Tveka inte att h\u00f6ra av dig!<\/h2>\t\t\t\t<\/div>\n\t\t\t\t<\/div>\n\t\t\t\t<div class=\"elementor-element elementor-element-a19dbc9 elementor-widget__width-initial elementor-widget elementor-widget-text-editor\" data-id=\"a19dbc9\" data-element_type=\"widget\" data-widget_type=\"text-editor.default\">\n\t\t\t\t<div class=\"elementor-widget-container\">\n\t\t\t\t\t\t\t\t\t<p>Vi hj\u00e4lper dig g\u00e4rna med allt fr\u00e5n lunchbest\u00e4llningar till catering och evenemang. Kontakta oss idag s\u00e5 skr\u00e4ddarsyr vi en l\u00f6sning efter dina behov.<\/p><p>info@safarlunchochevent.se<\/p><p>\u00a0<\/p>\t\t\t\t\t\t\t\t<\/div>\n\t\t\t\t<\/div>\n\t\t<div class=\"elementor-element elementor-element-2542bb6 e-con-full e-flex e-con e-child\" data-id=\"2542bb6\" data-element_type=\"container\" data-settings=\"{&quot;jet_parallax_layout_list&quot;:[]}\">\n\t\t\t\t<div class=\"elementor-element elementor-element-3369b6c button_basic elementor-widget elementor-widget-button\" data-id=\"3369b6c\" data-element_type=\"widget\" data-widget_type=\"button.default\">\n\t\t\t\t<div class=\"elementor-widget-container\">\n\t\t\t\t\t\t\t\t\t<div class=\"elementor-button-wrapper\">\n\t\t\t\t\t<a class=\"elementor-button elementor-button-link elementor-size-sm\" href=\"https:\/\/safarlunchochevent.se\/balsta\/#kontakt\">\n\t\t\t\t\t\t<span class=\"elementor-button-content-wrapper\">\n\t\t\t\t\t\t\t\t\t<span class=\"elementor-button-text\">Kontakta oss<\/span>\n\t\t\t\t\t<\/span>\n\t\t\t\t\t<\/a>\n\t\t\t\t<\/div>\n\t\t\t\t\t\t\t\t<\/div>\n\t\t\t\t<\/div>\n\t\t\t\t<\/div>\n\t\t\t\t\t<\/div>\n\t\t\t\t<\/div>\n\t\t\t\t<\/div>\n\t\t","protected":false},"excerpt":{"rendered":"<p>V\u00e4lkommen till Safar restaurang &amp; catering i B\u00e5lsta V\u00e5r meny Catering Lunch och catering i B\u00e5lsta Safar Restaurang &#038; Catering serverar v\u00e4llagad husmanskost till lunch varje vardag, med flera r\u00e4tter att v\u00e4lja mellan. Vi erbjuder \u00e4ven catering f\u00f6r br\u00f6llop, fest och f\u00f6retagsevent \u2013 alltid med fokus p\u00e5 smak, kvalitet och p\u00e5litlig service. \u00c4t hos oss, [&hellip;]<\/p>\n","protected":false},"author":1,"featured_media":0,"parent":0,"menu_order":0,"comment_status":"closed","ping_status":"closed","template":"","meta":{"inline_featured_image":false,"footnotes":""},"class_list":["post-11","page","type-page","status-publish","hentry"],"yoast_head":"<!-- This site is optimized with the Yoast SEO plugin v25.1 - https:\/\/yoast.com\/wordpress\/plugins\/seo\/ -->\n<title>Hem - Safar Restaurang &amp; Catering<\/title>\n<meta name=\"robots\" content=\"index, follow, max-snippet:-1, max-image-preview:large, max-video-preview:-1\" \/>\n<link rel=\"canonical\" href=\"https:\/\/safarlunchochevent.se\/balsta\/\" \/>\n<meta property=\"og:locale\" content=\"sv_SE\" \/>\n<meta property=\"og:type\" content=\"article\" \/>\n<meta property=\"og:title\" content=\"Hem - Safar Restaurang &amp; Catering\" \/>\n<meta property=\"og:description\" content=\"V\u00e4lkommen till Safar restaurang &amp; catering i B\u00e5lsta V\u00e5r meny Catering Lunch och catering i B\u00e5lsta Safar Restaurang &#038; Catering serverar v\u00e4llagad husmanskost till lunch varje vardag, med flera r\u00e4tter att v\u00e4lja mellan. Vi erbjuder \u00e4ven catering f\u00f6r br\u00f6llop, fest och f\u00f6retagsevent \u2013 alltid med fokus p\u00e5 smak, kvalitet och p\u00e5litlig service. \u00c4t hos oss, [&hellip;]\" \/>\n<meta property=\"og:url\" content=\"https:\/\/safarlunchochevent.se\/balsta\/\" \/>\n<meta property=\"og:site_name\" content=\"Safar Restaurang &amp; Catering\" \/>\n<meta property=\"article:modified_time\" content=\"2026-04-19T08:46:26+00:00\" \/>\n<meta name=\"twitter:card\" content=\"summary_large_image\" \/>\n<meta name=\"twitter:label1\" content=\"Ber\u00e4knad l\u00e4stid\" \/>\n\t<meta name=\"twitter:data1\" content=\"2 minuter\" \/>\n<script type=\"application\/ld+json\" class=\"yoast-schema-graph\">{\"@context\":\"https:\/\/schema.org\",\"@graph\":[{\"@type\":\"WebPage\",\"@id\":\"https:\/\/safarlunchochevent.se\/balsta\/\",\"url\":\"https:\/\/safarlunchochevent.se\/balsta\/\",\"name\":\"Hem - Safar Restaurang &amp; Catering\",\"isPartOf\":{\"@id\":\"https:\/\/safarlunchochevent.se\/balsta\/#website\"},\"datePublished\":\"2024-04-16T10:50:12+00:00\",\"dateModified\":\"2026-04-19T08:46:26+00:00\",\"breadcrumb\":{\"@id\":\"https:\/\/safarlunchochevent.se\/balsta\/#breadcrumb\"},\"inLanguage\":\"sv-SE\",\"potentialAction\":[{\"@type\":\"ReadAction\",\"target\":[\"https:\/\/safarlunchochevent.se\/balsta\/\"]}]},{\"@type\":\"BreadcrumbList\",\"@id\":\"https:\/\/safarlunchochevent.se\/balsta\/#breadcrumb\",\"itemListElement\":[{\"@type\":\"ListItem\",\"position\":1,\"name\":\"Hem\",\"item\":\"https:\/\/safarlunchochevent.se\/balsta\/\"},{\"@type\":\"ListItem\",\"position\":2,\"name\":\"Hem\"}]},{\"@type\":\"WebSite\",\"@id\":\"https:\/\/safarlunchochevent.se\/balsta\/#website\",\"url\":\"https:\/\/safarlunchochevent.se\/balsta\/\",\"name\":\"Safar Restaurang &amp; Catering\",\"description\":\"\",\"potentialAction\":[{\"@type\":\"SearchAction\",\"target\":{\"@type\":\"EntryPoint\",\"urlTemplate\":\"https:\/\/safarlunchochevent.se\/balsta\/?s={search_term_string}\"},\"query-input\":{\"@type\":\"PropertyValueSpecification\",\"valueRequired\":true,\"valueName\":\"search_term_string\"}}],\"inLanguage\":\"sv-SE\"}]}<\/script>\n<!-- \/ Yoast SEO plugin. -->","yoast_head_json":{"title":"Hem - Safar Restaurang &amp; Catering","robots":{"index":"index","follow":"follow","max-snippet":"max-snippet:-1","max-image-preview":"max-image-preview:large","max-video-preview":"max-video-preview:-1"},"canonical":"https:\/\/safarlunchochevent.se\/balsta\/","og_locale":"sv_SE","og_type":"article","og_title":"Hem - Safar Restaurang &amp; Catering","og_description":"V\u00e4lkommen till Safar restaurang &amp; catering i B\u00e5lsta V\u00e5r meny Catering Lunch och catering i B\u00e5lsta Safar Restaurang &#038; Catering serverar v\u00e4llagad husmanskost till lunch varje vardag, med flera r\u00e4tter att v\u00e4lja mellan. Vi erbjuder \u00e4ven catering f\u00f6r br\u00f6llop, fest och f\u00f6retagsevent \u2013 alltid med fokus p\u00e5 smak, kvalitet och p\u00e5litlig service. \u00c4t hos oss, [&hellip;]","og_url":"https:\/\/safarlunchochevent.se\/balsta\/","og_site_name":"Safar Restaurang &amp; Catering","article_modified_time":"2026-04-19T08:46:26+00:00","twitter_card":"summary_large_image","twitter_misc":{"Ber\u00e4knad l\u00e4stid":"2 minuter"},"schema":{"@context":"https:\/\/schema.org","@graph":[{"@type":"WebPage","@id":"https:\/\/safarlunchochevent.se\/balsta\/","url":"https:\/\/safarlunchochevent.se\/balsta\/","name":"Hem - Safar Restaurang &amp; Catering","isPartOf":{"@id":"https:\/\/safarlunchochevent.se\/balsta\/#website"},"datePublished":"2024-04-16T10:50:12+00:00","dateModified":"2026-04-19T08:46:26+00:00","breadcrumb":{"@id":"https:\/\/safarlunchochevent.se\/balsta\/#breadcrumb"},"inLanguage":"sv-SE","potentialAction":[{"@type":"ReadAction","target":["https:\/\/safarlunchochevent.se\/balsta\/"]}]},{"@type":"BreadcrumbList","@id":"https:\/\/safarlunchochevent.se\/balsta\/#breadcrumb","itemListElement":[{"@type":"ListItem","position":1,"name":"Hem","item":"https:\/\/safarlunchochevent.se\/balsta\/"},{"@type":"ListItem","position":2,"name":"Hem"}]},{"@type":"WebSite","@id":"https:\/\/safarlunchochevent.se\/balsta\/#website","url":"https:\/\/safarlunchochevent.se\/balsta\/","name":"Safar Restaurang &amp; Catering","description":"","potentialAction":[{"@type":"SearchAction","target":{"@type":"EntryPoint","urlTemplate":"https:\/\/safarlunchochevent.se\/balsta\/?s={search_term_string}"},"query-input":{"@type":"PropertyValueSpecification","valueRequired":true,"valueName":"search_term_string"}}],"inLanguage":"sv-SE"}]}},"_links":{"self":[{"href":"https:\/\/safarlunchochevent.se\/balsta\/wp-json\/wp\/v2\/pages\/11","targetHints":{"allow":["GET"]}}],"collection":[{"href":"https:\/\/safarlunchochevent.se\/balsta\/wp-json\/wp\/v2\/pages"}],"about":[{"href":"https:\/\/safarlunchochevent.se\/balsta\/wp-json\/wp\/v2\/types\/page"}],"author":[{"embeddable":true,"href":"https:\/\/safarlunchochevent.se\/balsta\/wp-json\/wp\/v2\/users\/1"}],"replies":[{"embeddable":true,"href":"https:\/\/safarlunchochevent.se\/balsta\/wp-json\/wp\/v2\/comments?post=11"}],"version-history":[{"count":134,"href":"https:\/\/safarlunchochevent.se\/balsta\/wp-json\/wp\/v2\/pages\/11\/revisions"}],"predecessor-version":[{"id":2904,"href":"https:\/\/safarlunchochevent.se\/balsta\/wp-json\/wp\/v2\/pages\/11\/revisions\/2904"}],"wp:attachment":[{"href":"https:\/\/safarlunchochevent.se\/balsta\/wp-json\/wp\/v2\/media?parent=11"}],"curies":[{"name":"wp","href":"https:\/\/api.w.org\/{rel}","templated":true}]}}