{"id":1119,"date":"2024-12-16T07:51:32","date_gmt":"2024-12-16T07:51:32","guid":{"rendered":"https:\/\/safarlunchochevent.se\/balsta\/?page_id=1119"},"modified":"2026-04-19T08:47:20","modified_gmt":"2026-04-19T08:47:20","slug":"lunch","status":"publish","type":"page","link":"https:\/\/safarlunchochevent.se\/balsta\/lunch\/","title":{"rendered":"Lunch"},"content":{"rendered":"\t\t<div data-elementor-type=\"wp-page\" data-elementor-id=\"1119\" class=\"elementor elementor-1119\">\n\t\t\t\t<div class=\"elementor-element elementor-element-083a213 e-flex e-con-boxed e-con e-parent\" data-id=\"083a213\" data-element_type=\"container\" data-settings=\"{&quot;background_background&quot;:&quot;classic&quot;,&quot;jet_parallax_layout_list&quot;:[]}\">\n\t\t\t\t\t<div class=\"e-con-inner\">\n\t\t<div class=\"elementor-element elementor-element-b4899b0 e-flex e-con-boxed e-con e-child\" data-id=\"b4899b0\" data-element_type=\"container\" data-settings=\"{&quot;jet_parallax_layout_list&quot;:[]}\">\n\t\t\t\t\t<div class=\"e-con-inner\">\n\t\t\t\t<div class=\"elementor-element elementor-element-c3ff9cf elementor-widget elementor-widget-heading\" data-id=\"c3ff9cf\" data-element_type=\"widget\" data-widget_type=\"heading.default\">\n\t\t\t\t<div class=\"elementor-widget-container\">\n\t\t\t\t\t<h1 class=\"elementor-heading-title elementor-size-default\">LUNCHMENY<\/h1>\t\t\t\t<\/div>\n\t\t\t\t<\/div>\n\t\t\t\t\t<\/div>\n\t\t\t\t<\/div>\n\t\t\t\t\t<\/div>\n\t\t\t\t<\/div>\n\t\t<div class=\"elementor-element elementor-element-96256ac e-con-full e-flex e-con e-parent\" data-id=\"96256ac\" data-element_type=\"container\" data-settings=\"{&quot;background_background&quot;:&quot;classic&quot;,&quot;jet_parallax_layout_list&quot;:[]}\">\n\t\t<div class=\"elementor-element elementor-element-d85eeb6 e-flex e-con-boxed e-con e-child\" data-id=\"d85eeb6\" data-element_type=\"container\" data-settings=\"{&quot;background_background&quot;:&quot;classic&quot;,&quot;jet_parallax_layout_list&quot;:[],&quot;shape_divider_bottom&quot;:&quot;clouds&quot;}\">\n\t\t\t\t\t<div class=\"e-con-inner\">\n\t\t\t\t<div class=\"elementor-shape elementor-shape-bottom\" aria-hidden=\"true\" data-negative=\"false\">\n\t\t\t<svg xmlns=\"http:\/\/www.w3.org\/2000\/svg\" viewBox=\"0 0 283.5 27.8\" preserveAspectRatio=\"xMidYMax slice\">\n  <path class=\"elementor-shape-fill\" d=\"M0 0v6.7c1.9-.8 4.7-1.4 8.5-1 9.5 1.1 11.1 6 11.1 6s2.1-.7 4.3-.2c2.1.5 2.8 2.6 2.8 2.6s.2-.5 1.4-.7c1.2-.2 1.7.2 1.7.2s0-2.1 1.9-2.8c1.9-.7 3.6.7 3.6.7s.7-2.9 3.1-4.1 4.7 0 4.7 0 1.2-.5 2.4 0 1.7 1.4 1.7 1.4h1.4c.7 0 1.2.7 1.2.7s.8-1.8 4-2.2c3.5-.4 5.3 2.4 6.2 4.4.4-.4 1-.7 1.8-.9 2.8-.7 4 .7 4 .7s1.7-5 11.1-6c9.5-1.1 12.3 3.9 12.3 3.9s1.2-4.8 5.7-5.7c4.5-.9 6.8 1.8 6.8 1.8s.6-.6 1.5-.9c.9-.2 1.9-.2 1.9-.2s5.2-6.4 12.6-3.3c7.3 3.1 4.7 9 4.7 9s1.9-.9 4 0 2.8 2.4 2.8 2.4 1.9-1.2 4.5-1.2 4.3 1.2 4.3 1.2.2-1 1.4-1.7 2.1-.7 2.1-.7-.5-3.1 2.1-5.5 5.7-1.4 5.7-1.4 1.5-2.3 4.2-1.1c2.7 1.2 1.7 5.2 1.7 5.2s.3-.1 1.3.5c.5.4.8.8.9 1.1.5-1.4 2.4-5.8 8.4-4 7.1 2.1 3.5 8.9 3.5 8.9s.8-.4 2 0 1.1 1.1 1.1 1.1 1.1-1.1 2.3-1.1 2.1.5 2.1.5 1.9-3.6 6.2-1.2 1.9 6.4 1.9 6.4 2.6-2.4 7.4 0c3.4 1.7 3.9 4.9 3.9 4.9s3.3-6.9 10.4-7.9 11.5 2.6 11.5 2.6.8 0 1.2.2c.4.2.9.9.9.9s4.4-3.1 8.3.2c1.9 1.7 1.5 5 1.5 5s.3-1.1 1.6-1.4c1.3-.3 2.3.2 2.3.2s-.1-1.2.5-1.9 1.9-.9 1.9-.9-4.7-9.3 4.4-13.4c5.6-2.5 9.2.9 9.2.9s5-6.2 15.9-6.2 16.1 8.1 16.1 8.1.7-.2 1.6-.4V0H0z\"\/>\n<\/svg>\n\t\t<\/div>\n\t\t<div class=\"elementor-element elementor-element-5272647 e-con-full e-flex e-con e-child\" data-id=\"5272647\" data-element_type=\"container\" data-settings=\"{&quot;jet_parallax_layout_list&quot;:[]}\">\n\t\t\t\t<div class=\"elementor-element elementor-element-642977c elementor-widget elementor-widget-heading\" data-id=\"642977c\" data-element_type=\"widget\" data-widget_type=\"heading.default\">\n\t\t\t\t<div class=\"elementor-widget-container\">\n\t\t\t\t\t<h1 class=\"elementor-heading-title elementor-size-default\">Lunch<\/h1>\t\t\t\t<\/div>\n\t\t\t\t<\/div>\n\t\t\t\t<div class=\"elementor-element elementor-element-6bcdb36 elementor-widget elementor-widget-text-editor\" data-id=\"6bcdb36\" data-element_type=\"widget\" data-widget_type=\"text-editor.default\">\n\t\t\t\t<div class=\"elementor-widget-container\">\n\t\t\t\t\t\t\t\t\t<h4>Pris 140:- Avh\u00e4mtning 130:-<br \/>Fryst matl\u00e5da 55:- Dagens matl\u00e5da (efter 15.00) 75:-<\/h4><p>Hos oss finns alltid en h\u00e4rlig salladsbuff\u00e9, nybakad br\u00f6d och n\u00e5got gott till kaffet.<\/p><p><span style=\"text-decoration: underline;\"><em><strong>v.17<\/strong><\/em><\/span><\/p><p>\u00a0<\/p><p><b><i>M\u00e5ndag<\/i><\/b><\/p><p><span style=\"font-weight: 400;\">Stuvad pyttipanna (<\/span><i><span style=\"font-weight: 400;\">fl\u00e4sk<\/span><\/i><span style=\"font-weight: 400;\">). Serveras med stekt \u00e4gg och r\u00f6dbetor<\/span><\/p><p><span style=\"font-weight: 400;\">Stekt str\u00f6mming. Serveras med potatismos och skirat sm\u00f6r<\/span><\/p><p><span style=\"font-weight: 400;\">Helstekt kycklingfil\u00e9. Serveras med ris och dragons\u00e5s\u00a0<\/span><\/p><p>\u00a0<\/p><p><b><i>Tisdag<\/i><\/b><\/p><p><span style=\"font-weight: 400;\">Raggmunk med stekt fl\u00e4sk och lingonsylt eller stekt fl\u00e4sk med kokt potatis och l\u00f6ks\u00e5s<\/span><\/p><p><span style=\"font-weight: 400;\">Helstekt kungsflundrafil\u00e9. Serveras med kokt potatis, citron och gurkmajon\u00e4s<\/span><\/p><p><span style=\"font-weight: 400;\">Dillk\u00f6tt. Serveras med kokt potatis<\/span><\/p><p>\u00a0<\/p><p><b><i>Onsdag<\/i><\/b><\/p><p><span style=\"font-weight: 400;\">Schnitzel<\/span><span style=\"font-weight: 400;\">. Serveras med stekt potatis, citron, kapris, r\u00f6dvinss\u00e5s och bearnaises\u00e5s<\/span><\/p><p><span style=\"font-weight: 400;\">K\u00e5ldolmar (<\/span><i><span style=\"font-weight: 400;\">n\u00f6tk\u00f6tt<\/span><\/i><span style=\"font-weight: 400;\">). Serveras med kokt potatis, lingonsylt och gr\u00e4dds\u00e5s<\/span><\/p><p><span style=\"font-weight: 400;\">\u00c4ggpanerad alaskafil\u00e9. Serveras med kokt potatis, citron och dillmajon\u00e4s\u00a0<\/span><\/p><p>\u00a0<\/p><p><b><i>Torsdag<\/i><\/b><\/p><p><span style=\"font-weight: 400;\">\u00c4rtsoppa och pannkakor. Serveras med gr\u00e4dde och sylt<\/span><\/p><p><span style=\"font-weight: 400;\">K\u00f6ttf\u00e4rslimpa (<\/span><i><span style=\"font-weight: 400;\">blandf\u00e4rs<\/span><\/i><span style=\"font-weight: 400;\">). Serveras med kokt potatis, lingonsylt, inlagd gurka och gr\u00e4dds\u00e5s<\/span><\/p><p><span style=\"font-weight: 400;\">Kycklingpiccata. Serveras med ris, tomats\u00e5s och gr\u00e4dds\u00e5s<\/span><\/p><p>\u00a0<\/p><p><b><i>Fredag<\/i><\/b><\/p><p><span style=\"font-weight: 400;\">Helstekt fl\u00e4skfil\u00e9. Serveras med potatisgrat\u00e4ng, \u00e4ppelmos och timjans\u00e5s<\/span><\/p><p><span style=\"font-weight: 400;\">Pankopanerad r\u00f6dsp\u00e4tta. Serveras med kokt potatis, citron och remoulads\u00e5s<\/span><\/p><p><span style=\"font-weight: 400;\">Pastagrat\u00e4ng med kyckling, paprika, l\u00f6k och ost i kr\u00e4mig s\u00e5s<\/span><\/p><p><br style=\"font-weight: 400;\" \/><br style=\"font-weight: 400;\" \/><\/p><p><br style=\"font-weight: 400;\" \/><br style=\"font-weight: 400;\" \/><\/p>\t\t\t\t\t\t\t\t<\/div>\n\t\t\t\t<\/div>\n\t\t\t\t<\/div>\n\t\t\t\t\t<\/div>\n\t\t\t\t<\/div>\n\t\t\t\t<\/div>\n\t\t\t\t<\/div>\n\t\t","protected":false},"excerpt":{"rendered":"<p>LUNCHMENY Lunch Pris 140:- Avh\u00e4mtning 130:-Fryst matl\u00e5da 55:- Dagens matl\u00e5da (efter 15.00) 75:- Hos oss finns alltid en h\u00e4rlig salladsbuff\u00e9, nybakad br\u00f6d och n\u00e5got gott till kaffet. v.17 \u00a0 M\u00e5ndag Stuvad pyttipanna (fl\u00e4sk). Serveras med stekt \u00e4gg och r\u00f6dbetor Stekt str\u00f6mming. Serveras med potatismos och skirat sm\u00f6r Helstekt kycklingfil\u00e9. Serveras med ris och dragons\u00e5s\u00a0 \u00a0 [&hellip;]<\/p>\n","protected":false},"author":1,"featured_media":0,"parent":0,"menu_order":0,"comment_status":"closed","ping_status":"closed","template":"","meta":{"inline_featured_image":false,"footnotes":""},"class_list":["post-1119","page","type-page","status-publish","hentry"],"yoast_head":"<!-- This site is optimized with the Yoast SEO plugin v25.1 - https:\/\/yoast.com\/wordpress\/plugins\/seo\/ -->\n<title>Lunch - Safar Restaurang &amp; Catering<\/title>\n<meta name=\"robots\" content=\"index, follow, max-snippet:-1, max-image-preview:large, max-video-preview:-1\" \/>\n<link rel=\"canonical\" href=\"https:\/\/safarlunchochevent.se\/balsta\/lunch\/\" \/>\n<meta property=\"og:locale\" content=\"sv_SE\" \/>\n<meta property=\"og:type\" content=\"article\" \/>\n<meta property=\"og:title\" content=\"Lunch - Safar Restaurang &amp; Catering\" \/>\n<meta property=\"og:description\" content=\"LUNCHMENY Lunch Pris 140:- Avh\u00e4mtning 130:-Fryst matl\u00e5da 55:- Dagens matl\u00e5da (efter 15.00) 75:- Hos oss finns alltid en h\u00e4rlig salladsbuff\u00e9, nybakad br\u00f6d och n\u00e5got gott till kaffet. v.17 \u00a0 M\u00e5ndag Stuvad pyttipanna (fl\u00e4sk). Serveras med stekt \u00e4gg och r\u00f6dbetor Stekt str\u00f6mming. Serveras med potatismos och skirat sm\u00f6r Helstekt kycklingfil\u00e9. Serveras med ris och dragons\u00e5s\u00a0 \u00a0 [&hellip;]\" \/>\n<meta property=\"og:url\" content=\"https:\/\/safarlunchochevent.se\/balsta\/lunch\/\" \/>\n<meta property=\"og:site_name\" content=\"Safar Restaurang &amp; Catering\" \/>\n<meta property=\"article:modified_time\" content=\"2026-04-19T08:47:20+00:00\" \/>\n<meta name=\"twitter:card\" content=\"summary_large_image\" \/>\n<meta name=\"twitter:label1\" content=\"Ber\u00e4knad l\u00e4stid\" \/>\n\t<meta name=\"twitter:data1\" content=\"1 minut\" \/>\n<script type=\"application\/ld+json\" class=\"yoast-schema-graph\">{\"@context\":\"https:\/\/schema.org\",\"@graph\":[{\"@type\":\"WebPage\",\"@id\":\"https:\/\/safarlunchochevent.se\/balsta\/lunch\/\",\"url\":\"https:\/\/safarlunchochevent.se\/balsta\/lunch\/\",\"name\":\"Lunch - Safar Restaurang &amp; Catering\",\"isPartOf\":{\"@id\":\"https:\/\/safarlunchochevent.se\/balsta\/#website\"},\"datePublished\":\"2024-12-16T07:51:32+00:00\",\"dateModified\":\"2026-04-19T08:47:20+00:00\",\"breadcrumb\":{\"@id\":\"https:\/\/safarlunchochevent.se\/balsta\/lunch\/#breadcrumb\"},\"inLanguage\":\"sv-SE\",\"potentialAction\":[{\"@type\":\"ReadAction\",\"target\":[\"https:\/\/safarlunchochevent.se\/balsta\/lunch\/\"]}]},{\"@type\":\"BreadcrumbList\",\"@id\":\"https:\/\/safarlunchochevent.se\/balsta\/lunch\/#breadcrumb\",\"itemListElement\":[{\"@type\":\"ListItem\",\"position\":1,\"name\":\"Hem\",\"item\":\"https:\/\/safarlunchochevent.se\/balsta\/\"},{\"@type\":\"ListItem\",\"position\":2,\"name\":\"Lunch\"}]},{\"@type\":\"WebSite\",\"@id\":\"https:\/\/safarlunchochevent.se\/balsta\/#website\",\"url\":\"https:\/\/safarlunchochevent.se\/balsta\/\",\"name\":\"Safar Restaurang &amp; Catering\",\"description\":\"\",\"potentialAction\":[{\"@type\":\"SearchAction\",\"target\":{\"@type\":\"EntryPoint\",\"urlTemplate\":\"https:\/\/safarlunchochevent.se\/balsta\/?s={search_term_string}\"},\"query-input\":{\"@type\":\"PropertyValueSpecification\",\"valueRequired\":true,\"valueName\":\"search_term_string\"}}],\"inLanguage\":\"sv-SE\"}]}<\/script>\n<!-- \/ Yoast SEO plugin. -->","yoast_head_json":{"title":"Lunch - Safar Restaurang &amp; Catering","robots":{"index":"index","follow":"follow","max-snippet":"max-snippet:-1","max-image-preview":"max-image-preview:large","max-video-preview":"max-video-preview:-1"},"canonical":"https:\/\/safarlunchochevent.se\/balsta\/lunch\/","og_locale":"sv_SE","og_type":"article","og_title":"Lunch - Safar Restaurang &amp; Catering","og_description":"LUNCHMENY Lunch Pris 140:- Avh\u00e4mtning 130:-Fryst matl\u00e5da 55:- Dagens matl\u00e5da (efter 15.00) 75:- Hos oss finns alltid en h\u00e4rlig salladsbuff\u00e9, nybakad br\u00f6d och n\u00e5got gott till kaffet. v.17 \u00a0 M\u00e5ndag Stuvad pyttipanna (fl\u00e4sk). Serveras med stekt \u00e4gg och r\u00f6dbetor Stekt str\u00f6mming. Serveras med potatismos och skirat sm\u00f6r Helstekt kycklingfil\u00e9. Serveras med ris och dragons\u00e5s\u00a0 \u00a0 [&hellip;]","og_url":"https:\/\/safarlunchochevent.se\/balsta\/lunch\/","og_site_name":"Safar Restaurang &amp; Catering","article_modified_time":"2026-04-19T08:47:20+00:00","twitter_card":"summary_large_image","twitter_misc":{"Ber\u00e4knad l\u00e4stid":"1 minut"},"schema":{"@context":"https:\/\/schema.org","@graph":[{"@type":"WebPage","@id":"https:\/\/safarlunchochevent.se\/balsta\/lunch\/","url":"https:\/\/safarlunchochevent.se\/balsta\/lunch\/","name":"Lunch - Safar Restaurang &amp; Catering","isPartOf":{"@id":"https:\/\/safarlunchochevent.se\/balsta\/#website"},"datePublished":"2024-12-16T07:51:32+00:00","dateModified":"2026-04-19T08:47:20+00:00","breadcrumb":{"@id":"https:\/\/safarlunchochevent.se\/balsta\/lunch\/#breadcrumb"},"inLanguage":"sv-SE","potentialAction":[{"@type":"ReadAction","target":["https:\/\/safarlunchochevent.se\/balsta\/lunch\/"]}]},{"@type":"BreadcrumbList","@id":"https:\/\/safarlunchochevent.se\/balsta\/lunch\/#breadcrumb","itemListElement":[{"@type":"ListItem","position":1,"name":"Hem","item":"https:\/\/safarlunchochevent.se\/balsta\/"},{"@type":"ListItem","position":2,"name":"Lunch"}]},{"@type":"WebSite","@id":"https:\/\/safarlunchochevent.se\/balsta\/#website","url":"https:\/\/safarlunchochevent.se\/balsta\/","name":"Safar Restaurang &amp; Catering","description":"","potentialAction":[{"@type":"SearchAction","target":{"@type":"EntryPoint","urlTemplate":"https:\/\/safarlunchochevent.se\/balsta\/?s={search_term_string}"},"query-input":{"@type":"PropertyValueSpecification","valueRequired":true,"valueName":"search_term_string"}}],"inLanguage":"sv-SE"}]}},"_links":{"self":[{"href":"https:\/\/safarlunchochevent.se\/balsta\/wp-json\/wp\/v2\/pages\/1119","targetHints":{"allow":["GET"]}}],"collection":[{"href":"https:\/\/safarlunchochevent.se\/balsta\/wp-json\/wp\/v2\/pages"}],"about":[{"href":"https:\/\/safarlunchochevent.se\/balsta\/wp-json\/wp\/v2\/types\/page"}],"author":[{"embeddable":true,"href":"https:\/\/safarlunchochevent.se\/balsta\/wp-json\/wp\/v2\/users\/1"}],"replies":[{"embeddable":true,"href":"https:\/\/safarlunchochevent.se\/balsta\/wp-json\/wp\/v2\/comments?post=1119"}],"version-history":[{"count":206,"href":"https:\/\/safarlunchochevent.se\/balsta\/wp-json\/wp\/v2\/pages\/1119\/revisions"}],"predecessor-version":[{"id":2907,"href":"https:\/\/safarlunchochevent.se\/balsta\/wp-json\/wp\/v2\/pages\/1119\/revisions\/2907"}],"wp:attachment":[{"href":"https:\/\/safarlunchochevent.se\/balsta\/wp-json\/wp\/v2\/media?parent=1119"}],"curies":[{"name":"wp","href":"https:\/\/api.w.org\/{rel}","templated":true}]}}