{"id":135,"date":"2024-04-17T00:01:42","date_gmt":"2024-04-17T00:01:42","guid":{"rendered":"https:\/\/www.restauranglagan.se\/?page_id=135"},"modified":"2025-05-23T10:01:48","modified_gmt":"2025-05-23T10:01:48","slug":"var-meny","status":"publish","type":"page","link":"https:\/\/safarlunchochevent.se\/balsta\/var-meny\/","title":{"rendered":"V\u00e5r meny"},"content":{"rendered":"\t\t<div data-elementor-type=\"wp-page\" data-elementor-id=\"135\" class=\"elementor elementor-135\">\n\t\t\t\t<div class=\"elementor-element elementor-element-271b9c2 e-flex e-con-boxed e-con e-parent\" data-id=\"271b9c2\" data-element_type=\"container\" data-settings=\"{&quot;background_background&quot;:&quot;classic&quot;,&quot;jet_parallax_layout_list&quot;:[]}\">\n\t\t\t\t\t<div class=\"e-con-inner\">\n\t\t<div class=\"elementor-element elementor-element-943e9f5 e-flex e-con-boxed e-con e-child\" data-id=\"943e9f5\" data-element_type=\"container\" data-settings=\"{&quot;jet_parallax_layout_list&quot;:[]}\">\n\t\t\t\t\t<div class=\"e-con-inner\">\n\t\t\t\t<div class=\"elementor-element elementor-element-96db364 elementor-widget elementor-widget-heading\" data-id=\"96db364\" data-element_type=\"widget\" data-widget_type=\"heading.default\">\n\t\t\t\t<div class=\"elementor-widget-container\">\n\t\t\t\t\t<h1 class=\"elementor-heading-title elementor-size-default\">V\u00e5r meny<\/h1>\t\t\t\t<\/div>\n\t\t\t\t<\/div>\n\t\t\t\t\t<\/div>\n\t\t\t\t<\/div>\n\t\t\t\t\t<\/div>\n\t\t\t\t<\/div>\n\t\t<div class=\"elementor-element elementor-element-8d4cd08 e-flex e-con-boxed e-con e-parent\" data-id=\"8d4cd08\" data-element_type=\"container\" data-settings=\"{&quot;background_background&quot;:&quot;classic&quot;,&quot;jet_parallax_layout_list&quot;:[]}\">\n\t\t\t\t\t<div class=\"e-con-inner\">\n\t\t<div class=\"elementor-element elementor-element-f499bc4 e-flex e-con-boxed e-con e-child\" data-id=\"f499bc4\" data-element_type=\"container\" data-settings=\"{&quot;jet_parallax_layout_list&quot;:[]}\">\n\t\t\t\t\t<div class=\"e-con-inner\">\n\t\t\t\t<div class=\"elementor-element elementor-element-2c0824a elementor-widget elementor-widget-heading\" data-id=\"2c0824a\" data-element_type=\"widget\" data-widget_type=\"heading.default\">\n\t\t\t\t<div class=\"elementor-widget-container\">\n\t\t\t\t\t<h2 class=\"elementor-heading-title elementor-size-default\">Fr\u00e5n pizzor till grillat<\/h2>\t\t\t\t<\/div>\n\t\t\t\t<\/div>\n\t\t\t\t<div class=\"elementor-element elementor-element-9cb1be8 elementor-widget__width-initial elementor-widget-mobile__width-initial elementor-widget elementor-widget-text-editor\" data-id=\"9cb1be8\" data-element_type=\"widget\" data-widget_type=\"text-editor.default\">\n\t\t\t\t<div class=\"elementor-widget-container\">\n\t\t\t\t\t\t\t\t\t<p>Hos oss hittar du n\u00e5got f\u00f6r varje smak. Fr\u00e5n kolgrillade r\u00e4tter och saftiga kebaber till krispiga pizzor och fr\u00e4scha alternativ \u2013 allt lagat med omsorg och gener\u00f6sa portioner. Oavsett om du vill \u00e4ta h\u00e4r eller ta med, lovar vi mat som b\u00e5de m\u00e4ttar och g\u00f6r intryck.<\/p>\t\t\t\t\t\t\t\t<\/div>\n\t\t\t\t<\/div>\n\t\t<div class=\"elementor-element elementor-element-3d3a1d1 e-con-full e-flex e-con e-child\" data-id=\"3d3a1d1\" data-element_type=\"container\" data-settings=\"{&quot;jet_parallax_layout_list&quot;:[]}\">\n\t\t\t\t<div class=\"elementor-element elementor-element-50f8b3e button_basic elementor-widget elementor-widget-button\" data-id=\"50f8b3e\" data-element_type=\"widget\" data-widget_type=\"button.default\">\n\t\t\t\t<div class=\"elementor-widget-container\">\n\t\t\t\t\t\t\t\t\t<div class=\"elementor-button-wrapper\">\n\t\t\t\t\t<a class=\"elementor-button elementor-button-link elementor-size-sm\" href=\"https:\/\/lillamilano.yabie.online\/\">\n\t\t\t\t\t\t<span class=\"elementor-button-content-wrapper\">\n\t\t\t\t\t\t\t\t\t<span class=\"elementor-button-text\">Best\u00e4ll online<\/span>\n\t\t\t\t\t<\/span>\n\t\t\t\t\t<\/a>\n\t\t\t\t<\/div>\n\t\t\t\t\t\t\t\t<\/div>\n\t\t\t\t<\/div>\n\t\t\t\t<\/div>\n\t\t\t\t\t<\/div>\n\t\t\t\t<\/div>\n\t\t\t\t\t<\/div>\n\t\t\t\t<\/div>\n\t\t<div class=\"elementor-element elementor-element-fdc6764 e-con-full e-flex e-con e-parent\" data-id=\"fdc6764\" data-element_type=\"container\" data-settings=\"{&quot;background_background&quot;:&quot;classic&quot;,&quot;jet_parallax_layout_list&quot;:[]}\">\n\t\t<div class=\"elementor-element elementor-element-111d481 e-flex e-con-boxed e-con e-child\" data-id=\"111d481\" data-element_type=\"container\" data-settings=\"{&quot;background_background&quot;:&quot;classic&quot;,&quot;jet_parallax_layout_list&quot;:[]}\">\n\t\t\t\t\t<div class=\"e-con-inner\">\n\t\t\t\t<div class=\"elementor-element elementor-element-2532179 gallery-spacing-custom elementor-widget elementor-widget-image-gallery\" data-id=\"2532179\" data-element_type=\"widget\" data-widget_type=\"image-gallery.default\">\n\t\t\t\t<div class=\"elementor-widget-container\">\n\t\t\t\t\t\t\t<div class=\"elementor-image-gallery\">\n\t\t\t<div id='gallery-1' class='gallery galleryid-135 gallery-columns-1 gallery-size-full'><figure class='gallery-item'>\n\t\t\t<div class='gallery-icon landscape'>\n\t\t\t\t<a data-elementor-open-lightbox=\"yes\" data-elementor-lightbox-slideshow=\"2532179\" data-elementor-lightbox-title=\"Sk\u00e4rm 1\" data-e-action-hash=\"#elementor-action%3Aaction%3Dlightbox%26settings%3DeyJpZCI6MjEwOSwidXJsIjoiaHR0cHM6XC9cL3NhZmFybHVuY2hvY2hldmVudC5zZVwvYmFsc3RhXC93cC1jb250ZW50XC91cGxvYWRzXC8yMDI1XC8wNVwvU2thcm0tMS0xLmpwZyIsInNsaWRlc2hvdyI6IjI1MzIxNzkifQ%3D%3D\" href='https:\/\/safarlunchochevent.se\/balsta\/wp-content\/uploads\/2025\/05\/Skarm-1-1.jpg'><img fetchpriority=\"high\" decoding=\"async\" width=\"1920\" height=\"1080\" src=\"https:\/\/safarlunchochevent.se\/balsta\/wp-content\/uploads\/2025\/05\/Skarm-1-1.jpg\" class=\"attachment-full size-full\" alt=\"\" srcset=\"https:\/\/safarlunchochevent.se\/balsta\/wp-content\/uploads\/2025\/05\/Skarm-1-1.jpg 1920w, https:\/\/safarlunchochevent.se\/balsta\/wp-content\/uploads\/2025\/05\/Skarm-1-1-300x169.jpg 300w, https:\/\/safarlunchochevent.se\/balsta\/wp-content\/uploads\/2025\/05\/Skarm-1-1-1024x576.jpg 1024w, https:\/\/safarlunchochevent.se\/balsta\/wp-content\/uploads\/2025\/05\/Skarm-1-1-768x432.jpg 768w, https:\/\/safarlunchochevent.se\/balsta\/wp-content\/uploads\/2025\/05\/Skarm-1-1-1536x864.jpg 1536w\" sizes=\"(max-width: 1920px) 100vw, 1920px\" \/><\/a>\n\t\t\t<\/div><\/figure><figure class='gallery-item'>\n\t\t\t<div class='gallery-icon landscape'>\n\t\t\t\t<a data-elementor-open-lightbox=\"yes\" data-elementor-lightbox-slideshow=\"2532179\" data-elementor-lightbox-title=\"Sk\u00e4rm 2\" data-e-action-hash=\"#elementor-action%3Aaction%3Dlightbox%26settings%3DeyJpZCI6MjExMCwidXJsIjoiaHR0cHM6XC9cL3NhZmFybHVuY2hvY2hldmVudC5zZVwvYmFsc3RhXC93cC1jb250ZW50XC91cGxvYWRzXC8yMDI1XC8wNVwvU2thcm0tMi0xLmpwZyIsInNsaWRlc2hvdyI6IjI1MzIxNzkifQ%3D%3D\" href='https:\/\/safarlunchochevent.se\/balsta\/wp-content\/uploads\/2025\/05\/Skarm-2-1.jpg'><img decoding=\"async\" width=\"1920\" height=\"1080\" src=\"https:\/\/safarlunchochevent.se\/balsta\/wp-content\/uploads\/2025\/05\/Skarm-2-1.jpg\" class=\"attachment-full size-full\" alt=\"\" srcset=\"https:\/\/safarlunchochevent.se\/balsta\/wp-content\/uploads\/2025\/05\/Skarm-2-1.jpg 1920w, https:\/\/safarlunchochevent.se\/balsta\/wp-content\/uploads\/2025\/05\/Skarm-2-1-300x169.jpg 300w, https:\/\/safarlunchochevent.se\/balsta\/wp-content\/uploads\/2025\/05\/Skarm-2-1-1024x576.jpg 1024w, https:\/\/safarlunchochevent.se\/balsta\/wp-content\/uploads\/2025\/05\/Skarm-2-1-768x432.jpg 768w, https:\/\/safarlunchochevent.se\/balsta\/wp-content\/uploads\/2025\/05\/Skarm-2-1-1536x864.jpg 1536w\" sizes=\"(max-width: 1920px) 100vw, 1920px\" \/><\/a>\n\t\t\t<\/div><\/figure><figure class='gallery-item'>\n\t\t\t<div class='gallery-icon landscape'>\n\t\t\t\t<a data-elementor-open-lightbox=\"yes\" data-elementor-lightbox-slideshow=\"2532179\" data-elementor-lightbox-title=\"Sk\u00e4rm 3\" data-e-action-hash=\"#elementor-action%3Aaction%3Dlightbox%26settings%3DeyJpZCI6MjExMSwidXJsIjoiaHR0cHM6XC9cL3NhZmFybHVuY2hvY2hldmVudC5zZVwvYmFsc3RhXC93cC1jb250ZW50XC91cGxvYWRzXC8yMDI1XC8wNVwvU2thcm0tMy0xLmpwZyIsInNsaWRlc2hvdyI6IjI1MzIxNzkifQ%3D%3D\" href='https:\/\/safarlunchochevent.se\/balsta\/wp-content\/uploads\/2025\/05\/Skarm-3-1.jpg'><img decoding=\"async\" width=\"1920\" height=\"1080\" src=\"https:\/\/safarlunchochevent.se\/balsta\/wp-content\/uploads\/2025\/05\/Skarm-3-1.jpg\" class=\"attachment-full size-full\" alt=\"\" srcset=\"https:\/\/safarlunchochevent.se\/balsta\/wp-content\/uploads\/2025\/05\/Skarm-3-1.jpg 1920w, https:\/\/safarlunchochevent.se\/balsta\/wp-content\/uploads\/2025\/05\/Skarm-3-1-300x169.jpg 300w, https:\/\/safarlunchochevent.se\/balsta\/wp-content\/uploads\/2025\/05\/Skarm-3-1-1024x576.jpg 1024w, https:\/\/safarlunchochevent.se\/balsta\/wp-content\/uploads\/2025\/05\/Skarm-3-1-768x432.jpg 768w, https:\/\/safarlunchochevent.se\/balsta\/wp-content\/uploads\/2025\/05\/Skarm-3-1-1536x864.jpg 1536w\" sizes=\"(max-width: 1920px) 100vw, 1920px\" \/><\/a>\n\t\t\t<\/div><\/figure>\n\t\t<\/div>\n\t\t<\/div>\n\t\t\t\t\t\t<\/div>\n\t\t\t\t<\/div>\n\t\t\t\t\t<\/div>\n\t\t\t\t<\/div>\n\t\t\t\t<\/div>\n\t\t<div class=\"elementor-element elementor-element-2e1a7a0 e-flex e-con-boxed e-con e-parent\" data-id=\"2e1a7a0\" data-element_type=\"container\" data-settings=\"{&quot;background_background&quot;:&quot;classic&quot;,&quot;jet_parallax_layout_list&quot;:[]}\">\n\t\t\t\t\t<div class=\"e-con-inner\">\n\t\t<div class=\"elementor-element elementor-element-1ac7387 e-con-full e-flex e-con e-child\" data-id=\"1ac7387\" data-element_type=\"container\" data-settings=\"{&quot;jet_parallax_layout_list&quot;:[]}\">\n\t\t\t\t<div class=\"elementor-element elementor-element-7bb5909 elementor-widget elementor-widget-heading\" data-id=\"7bb5909\" data-element_type=\"widget\" data-widget_type=\"heading.default\">\n\t\t\t\t<div class=\"elementor-widget-container\">\n\t\t\t\t\t<h2 class=\"elementor-heading-title elementor-size-default\">Dagens lunch\n<\/h2>\t\t\t\t<\/div>\n\t\t\t\t<\/div>\n\t\t\t\t<div class=\"elementor-element elementor-element-95a4dfe elementor-widget__width-initial elementor-widget-mobile__width-inherit elementor-widget elementor-widget-text-editor\" data-id=\"95a4dfe\" data-element_type=\"widget\" data-widget_type=\"text-editor.default\">\n\t\t\t\t<div class=\"elementor-widget-container\">\n\t\t\t\t\t\t\t\t\tVardagar mellan 10 och 14 serverar vi lunch som kombinerar smak, kvalitet och snabb service. Alla r\u00e4tter tillagas p\u00e5 best\u00e4llning med noga utvalda r\u00e5varor \u2013 inget st\u00e5r f\u00e4rdigt i f\u00f6rv\u00e4g. I m\u00e5nga av v\u00e5ra lunchalternativ ing\u00e5r \u00e4ven sallad, br\u00f6d och dryck, s\u00e5 att du f\u00e5r en komplett m\u00e5ltid utan att det kostar mer \u00e4n det smakar.\nPerfekt f\u00f6r dig som vill \u00e4ta riktigt gott, \u00e4ven n\u00e4r tiden \u00e4r knapp.\t\t\t\t\t\t\t\t<\/div>\n\t\t\t\t<\/div>\n\t\t\t\t<div class=\"elementor-element elementor-element-faf8fa2 button_basic elementor-widget elementor-widget-button\" data-id=\"faf8fa2\" data-element_type=\"widget\" data-widget_type=\"button.default\">\n\t\t\t\t<div class=\"elementor-widget-container\">\n\t\t\t\t\t\t\t\t\t<div class=\"elementor-button-wrapper\">\n\t\t\t\t\t<a class=\"elementor-button elementor-button-link elementor-size-sm\" href=\"https:\/\/safarlunchochevent.se\/balsta\/lunch\/\">\n\t\t\t\t\t\t<span class=\"elementor-button-content-wrapper\">\n\t\t\t\t\t\t\t\t\t<span class=\"elementor-button-text\">Lunchmeny<\/span>\n\t\t\t\t\t<\/span>\n\t\t\t\t\t<\/a>\n\t\t\t\t<\/div>\n\t\t\t\t\t\t\t\t<\/div>\n\t\t\t\t<\/div>\n\t\t\t\t<\/div>\n\t\t\t\t<div class=\"elementor-element elementor-element-17afdcf elementor-widget elementor-widget-spacer\" data-id=\"17afdcf\" data-element_type=\"widget\" data-widget_type=\"spacer.default\">\n\t\t\t\t<div class=\"elementor-widget-container\">\n\t\t\t\t\t\t\t<div class=\"elementor-spacer\">\n\t\t\t<div class=\"elementor-spacer-inner\"><\/div>\n\t\t<\/div>\n\t\t\t\t\t\t<\/div>\n\t\t\t\t<\/div>\n\t\t<div class=\"elementor-element elementor-element-beb27aa e-con-full e-flex e-con e-child\" data-id=\"beb27aa\" data-element_type=\"container\" data-settings=\"{&quot;jet_parallax_layout_list&quot;:[]}\">\n\t\t\t\t<div class=\"elementor-element elementor-element-af91e40 elementor-widget elementor-widget-image\" data-id=\"af91e40\" data-element_type=\"widget\" data-widget_type=\"image.default\">\n\t\t\t\t<div class=\"elementor-widget-container\">\n\t\t\t\t\t\t\t\t\t\t\t\t\t\t\t<img loading=\"lazy\" decoding=\"async\" width=\"1920\" height=\"1520\" src=\"https:\/\/safarlunchochevent.se\/balsta\/wp-content\/uploads\/2025\/05\/Var-Meny-Bild-2-1.jpg\" class=\"attachment-full size-full wp-image-2121\" alt=\"\" srcset=\"https:\/\/safarlunchochevent.se\/balsta\/wp-content\/uploads\/2025\/05\/Var-Meny-Bild-2-1.jpg 1920w, https:\/\/safarlunchochevent.se\/balsta\/wp-content\/uploads\/2025\/05\/Var-Meny-Bild-2-1-300x238.jpg 300w, https:\/\/safarlunchochevent.se\/balsta\/wp-content\/uploads\/2025\/05\/Var-Meny-Bild-2-1-1024x811.jpg 1024w, https:\/\/safarlunchochevent.se\/balsta\/wp-content\/uploads\/2025\/05\/Var-Meny-Bild-2-1-768x608.jpg 768w, https:\/\/safarlunchochevent.se\/balsta\/wp-content\/uploads\/2025\/05\/Var-Meny-Bild-2-1-1536x1216.jpg 1536w\" sizes=\"(max-width: 1920px) 100vw, 1920px\" \/>\t\t\t\t\t\t\t\t\t\t\t\t\t\t\t<\/div>\n\t\t\t\t<\/div>\n\t\t\t\t<\/div>\n\t\t\t\t\t<\/div>\n\t\t\t\t<\/div>\n\t\t\t\t<\/div>\n\t\t","protected":false},"excerpt":{"rendered":"<p>V\u00e5r meny Fr\u00e5n pizzor till grillat Hos oss hittar du n\u00e5got f\u00f6r varje smak. Fr\u00e5n kolgrillade r\u00e4tter och saftiga kebaber till krispiga pizzor och fr\u00e4scha alternativ \u2013 allt lagat med omsorg och gener\u00f6sa portioner. Oavsett om du vill \u00e4ta h\u00e4r eller ta med, lovar vi mat som b\u00e5de m\u00e4ttar och g\u00f6r intryck. Best\u00e4ll online Dagens [&hellip;]<\/p>\n","protected":false},"author":1,"featured_media":0,"parent":0,"menu_order":0,"comment_status":"closed","ping_status":"closed","template":"elementor_header_footer","meta":{"inline_featured_image":false,"footnotes":""},"class_list":["post-135","page","type-page","status-publish","hentry"],"yoast_head":"<!-- This site is optimized with the Yoast SEO plugin v25.1 - https:\/\/yoast.com\/wordpress\/plugins\/seo\/ -->\n<title>V\u00e5r meny - Safar Restaurang &amp; Catering<\/title>\n<meta name=\"robots\" content=\"index, follow, max-snippet:-1, max-image-preview:large, max-video-preview:-1\" \/>\n<link rel=\"canonical\" href=\"https:\/\/safarlunchochevent.se\/balsta\/var-meny\/\" \/>\n<meta property=\"og:locale\" content=\"sv_SE\" \/>\n<meta property=\"og:type\" content=\"article\" \/>\n<meta property=\"og:title\" content=\"V\u00e5r meny - Safar Restaurang &amp; Catering\" \/>\n<meta property=\"og:description\" content=\"V\u00e5r meny Fr\u00e5n pizzor till grillat Hos oss hittar du n\u00e5got f\u00f6r varje smak. Fr\u00e5n kolgrillade r\u00e4tter och saftiga kebaber till krispiga pizzor och fr\u00e4scha alternativ \u2013 allt lagat med omsorg och gener\u00f6sa portioner. Oavsett om du vill \u00e4ta h\u00e4r eller ta med, lovar vi mat som b\u00e5de m\u00e4ttar och g\u00f6r intryck. Best\u00e4ll online Dagens [&hellip;]\" \/>\n<meta property=\"og:url\" content=\"https:\/\/safarlunchochevent.se\/balsta\/var-meny\/\" \/>\n<meta property=\"og:site_name\" content=\"Safar Restaurang &amp; Catering\" \/>\n<meta property=\"article:modified_time\" content=\"2025-05-23T10:01:48+00:00\" \/>\n<meta property=\"og:image\" content=\"https:\/\/safarlunchochevent.se\/balsta\/wp-content\/uploads\/2025\/05\/Skarm-1-1.jpg\" \/>\n<meta name=\"twitter:card\" content=\"summary_large_image\" \/>\n<meta name=\"twitter:label1\" content=\"Ber\u00e4knad l\u00e4stid\" \/>\n\t<meta name=\"twitter:data1\" content=\"2 minuter\" \/>\n<script type=\"application\/ld+json\" class=\"yoast-schema-graph\">{\"@context\":\"https:\/\/schema.org\",\"@graph\":[{\"@type\":\"WebPage\",\"@id\":\"https:\/\/safarlunchochevent.se\/balsta\/var-meny\/\",\"url\":\"https:\/\/safarlunchochevent.se\/balsta\/var-meny\/\",\"name\":\"V\u00e5r meny - Safar Restaurang &amp; Catering\",\"isPartOf\":{\"@id\":\"https:\/\/safarlunchochevent.se\/balsta\/#website\"},\"primaryImageOfPage\":{\"@id\":\"https:\/\/safarlunchochevent.se\/balsta\/var-meny\/#primaryimage\"},\"image\":{\"@id\":\"https:\/\/safarlunchochevent.se\/balsta\/var-meny\/#primaryimage\"},\"thumbnailUrl\":\"https:\/\/safarlunchochevent.se\/balsta\/wp-content\/uploads\/2025\/05\/Skarm-1-1.jpg\",\"datePublished\":\"2024-04-17T00:01:42+00:00\",\"dateModified\":\"2025-05-23T10:01:48+00:00\",\"breadcrumb\":{\"@id\":\"https:\/\/safarlunchochevent.se\/balsta\/var-meny\/#breadcrumb\"},\"inLanguage\":\"sv-SE\",\"potentialAction\":[{\"@type\":\"ReadAction\",\"target\":[\"https:\/\/safarlunchochevent.se\/balsta\/var-meny\/\"]}]},{\"@type\":\"ImageObject\",\"inLanguage\":\"sv-SE\",\"@id\":\"https:\/\/safarlunchochevent.se\/balsta\/var-meny\/#primaryimage\",\"url\":\"https:\/\/safarlunchochevent.se\/balsta\/wp-content\/uploads\/2025\/05\/Skarm-1-1.jpg\",\"contentUrl\":\"https:\/\/safarlunchochevent.se\/balsta\/wp-content\/uploads\/2025\/05\/Skarm-1-1.jpg\",\"width\":1920,\"height\":1080},{\"@type\":\"BreadcrumbList\",\"@id\":\"https:\/\/safarlunchochevent.se\/balsta\/var-meny\/#breadcrumb\",\"itemListElement\":[{\"@type\":\"ListItem\",\"position\":1,\"name\":\"Hem\",\"item\":\"https:\/\/safarlunchochevent.se\/balsta\/\"},{\"@type\":\"ListItem\",\"position\":2,\"name\":\"V\u00e5r meny\"}]},{\"@type\":\"WebSite\",\"@id\":\"https:\/\/safarlunchochevent.se\/balsta\/#website\",\"url\":\"https:\/\/safarlunchochevent.se\/balsta\/\",\"name\":\"Safar Restaurang &amp; Catering\",\"description\":\"\",\"potentialAction\":[{\"@type\":\"SearchAction\",\"target\":{\"@type\":\"EntryPoint\",\"urlTemplate\":\"https:\/\/safarlunchochevent.se\/balsta\/?s={search_term_string}\"},\"query-input\":{\"@type\":\"PropertyValueSpecification\",\"valueRequired\":true,\"valueName\":\"search_term_string\"}}],\"inLanguage\":\"sv-SE\"}]}<\/script>\n<!-- \/ Yoast SEO plugin. -->","yoast_head_json":{"title":"V\u00e5r meny - Safar Restaurang &amp; Catering","robots":{"index":"index","follow":"follow","max-snippet":"max-snippet:-1","max-image-preview":"max-image-preview:large","max-video-preview":"max-video-preview:-1"},"canonical":"https:\/\/safarlunchochevent.se\/balsta\/var-meny\/","og_locale":"sv_SE","og_type":"article","og_title":"V\u00e5r meny - Safar Restaurang &amp; Catering","og_description":"V\u00e5r meny Fr\u00e5n pizzor till grillat Hos oss hittar du n\u00e5got f\u00f6r varje smak. Fr\u00e5n kolgrillade r\u00e4tter och saftiga kebaber till krispiga pizzor och fr\u00e4scha alternativ \u2013 allt lagat med omsorg och gener\u00f6sa portioner. Oavsett om du vill \u00e4ta h\u00e4r eller ta med, lovar vi mat som b\u00e5de m\u00e4ttar och g\u00f6r intryck. Best\u00e4ll online Dagens [&hellip;]","og_url":"https:\/\/safarlunchochevent.se\/balsta\/var-meny\/","og_site_name":"Safar Restaurang &amp; Catering","article_modified_time":"2025-05-23T10:01:48+00:00","og_image":[{"url":"https:\/\/safarlunchochevent.se\/balsta\/wp-content\/uploads\/2025\/05\/Skarm-1-1.jpg","type":"","width":"","height":""}],"twitter_card":"summary_large_image","twitter_misc":{"Ber\u00e4knad l\u00e4stid":"2 minuter"},"schema":{"@context":"https:\/\/schema.org","@graph":[{"@type":"WebPage","@id":"https:\/\/safarlunchochevent.se\/balsta\/var-meny\/","url":"https:\/\/safarlunchochevent.se\/balsta\/var-meny\/","name":"V\u00e5r meny - Safar Restaurang &amp; Catering","isPartOf":{"@id":"https:\/\/safarlunchochevent.se\/balsta\/#website"},"primaryImageOfPage":{"@id":"https:\/\/safarlunchochevent.se\/balsta\/var-meny\/#primaryimage"},"image":{"@id":"https:\/\/safarlunchochevent.se\/balsta\/var-meny\/#primaryimage"},"thumbnailUrl":"https:\/\/safarlunchochevent.se\/balsta\/wp-content\/uploads\/2025\/05\/Skarm-1-1.jpg","datePublished":"2024-04-17T00:01:42+00:00","dateModified":"2025-05-23T10:01:48+00:00","breadcrumb":{"@id":"https:\/\/safarlunchochevent.se\/balsta\/var-meny\/#breadcrumb"},"inLanguage":"sv-SE","potentialAction":[{"@type":"ReadAction","target":["https:\/\/safarlunchochevent.se\/balsta\/var-meny\/"]}]},{"@type":"ImageObject","inLanguage":"sv-SE","@id":"https:\/\/safarlunchochevent.se\/balsta\/var-meny\/#primaryimage","url":"https:\/\/safarlunchochevent.se\/balsta\/wp-content\/uploads\/2025\/05\/Skarm-1-1.jpg","contentUrl":"https:\/\/safarlunchochevent.se\/balsta\/wp-content\/uploads\/2025\/05\/Skarm-1-1.jpg","width":1920,"height":1080},{"@type":"BreadcrumbList","@id":"https:\/\/safarlunchochevent.se\/balsta\/var-meny\/#breadcrumb","itemListElement":[{"@type":"ListItem","position":1,"name":"Hem","item":"https:\/\/safarlunchochevent.se\/balsta\/"},{"@type":"ListItem","position":2,"name":"V\u00e5r meny"}]},{"@type":"WebSite","@id":"https:\/\/safarlunchochevent.se\/balsta\/#website","url":"https:\/\/safarlunchochevent.se\/balsta\/","name":"Safar Restaurang &amp; Catering","description":"","potentialAction":[{"@type":"SearchAction","target":{"@type":"EntryPoint","urlTemplate":"https:\/\/safarlunchochevent.se\/balsta\/?s={search_term_string}"},"query-input":{"@type":"PropertyValueSpecification","valueRequired":true,"valueName":"search_term_string"}}],"inLanguage":"sv-SE"}]}},"_links":{"self":[{"href":"https:\/\/safarlunchochevent.se\/balsta\/wp-json\/wp\/v2\/pages\/135","targetHints":{"allow":["GET"]}}],"collection":[{"href":"https:\/\/safarlunchochevent.se\/balsta\/wp-json\/wp\/v2\/pages"}],"about":[{"href":"https:\/\/safarlunchochevent.se\/balsta\/wp-json\/wp\/v2\/types\/page"}],"author":[{"embeddable":true,"href":"https:\/\/safarlunchochevent.se\/balsta\/wp-json\/wp\/v2\/users\/1"}],"replies":[{"embeddable":true,"href":"https:\/\/safarlunchochevent.se\/balsta\/wp-json\/wp\/v2\/comments?post=135"}],"version-history":[{"count":20,"href":"https:\/\/safarlunchochevent.se\/balsta\/wp-json\/wp\/v2\/pages\/135\/revisions"}],"predecessor-version":[{"id":2226,"href":"https:\/\/safarlunchochevent.se\/balsta\/wp-json\/wp\/v2\/pages\/135\/revisions\/2226"}],"wp:attachment":[{"href":"https:\/\/safarlunchochevent.se\/balsta\/wp-json\/wp\/v2\/media?parent=135"}],"curies":[{"name":"wp","href":"https:\/\/api.w.org\/{rel}","templated":true}]}}